{"id":5388,"date":"2025-10-15T09:32:51","date_gmt":"2025-10-15T09:32:51","guid":{"rendered":"https:\/\/classyhousedz.com\/product\/aspirateur-bissell-easyvac\/"},"modified":"2025-10-15T09:33:18","modified_gmt":"2025-10-15T09:33:18","slug":"aspirateur-bissell-easyvac","status":"publish","type":"product","link":"https:\/\/classyhousedz.com\/fr_fr\/produit\/aspirateur-bissell-easyvac\/","title":{"rendered":"Aspirateur Bissell EasyVac 1250W"},"content":{"rendered":"<p>Bissell EasyVac est compl\u00e8tement sans sac<br \/>\net est \u00e9quip\u00e9 d\u2019un godet \u00e0 poussi\u00e8re facile \u00e0 vider<br \/>\nTaille compacte pour une utilisation polyvalente<br \/>\nL\u2019action cyclonique fournit une aspiration puissante pour un nettoyage en profondeur<br \/>\nPassez facilement du nettoyage des tapis aux sols durs en appuyant simplement sur un interrupteur<br \/>\nTous les filtres sont lavables et r\u00e9utilisables.<\/p>","protected":false},"excerpt":{"rendered":"<p>Bissell EasyVac est compl\u00e8tement sans sac et est \u00e9quip\u00e9 d\u2019un godet \u00e0 poussi\u00e8re facile \u00e0 vider Taille compacte pour une utilisation polyvalente L\u2019action cyclonique fournit une aspiration puissante pour un nettoyage en profondeur Passez facilement du nettoyage des tapis aux sols durs en appuyant simplement sur un interrupteur Tous les filtres sont lavables et r\u00e9utilisables.<\/p>","protected":false},"featured_media":5384,"template":"","meta":{"_uag_custom_page_level_css":"","site-sidebar-layout":"default","site-content-layout":"","ast-site-content-layout":"","site-content-style":"default","site-sidebar-style":"default","ast-global-header-display":"","ast-banner-title-visibility":"","ast-main-header-display":"","ast-hfb-above-header-display":"","ast-hfb-below-header-display":"","ast-hfb-mobile-header-display":"","site-post-title":"","ast-breadcrumbs-content":"","ast-featured-img":"","footer-sml-layout":"","theme-transparent-header-meta":"","adv-header-id-meta":"","stick-header-meta":"","header-above-stick-meta":"","header-main-stick-meta":"","header-below-stick-meta":"","astra-migrate-meta-layouts":"default","ast-page-background-enabled":"default","ast-page-background-meta":{"desktop":{"background-color":"var(--ast-global-color-4)","background-image":"","background-repeat":"repeat","background-position":"center center","background-size":"auto","background-attachment":"scroll","background-type":"","background-media":"","overlay-type":"","overlay-color":"","overlay-opacity":"","overlay-gradient":""},"tablet":{"background-color":"","background-image":"","background-repeat":"repeat","background-position":"center center","background-size":"auto","background-attachment":"scroll","background-type":"","background-media":"","overlay-type":"","overlay-color":"","overlay-opacity":"","overlay-gradient":""},"mobile":{"background-color":"","background-image":"","background-repeat":"repeat","background-position":"center center","background-size":"auto","background-attachment":"scroll","background-type":"","background-media":"","overlay-type":"","overlay-color":"","overlay-opacity":"","overlay-gradient":""}},"ast-content-background-meta":{"desktop":{"background-color":"var(--ast-global-color-5)","background-image":"","background-repeat":"repeat","background-position":"center center","background-size":"auto","background-attachment":"scroll","background-type":"","background-media":"","overlay-type":"","overlay-color":"","overlay-opacity":"","overlay-gradient":""},"tablet":{"background-color":"var(--ast-global-color-5)","background-image":"","background-repeat":"repeat","background-position":"center center","background-size":"auto","background-attachment":"scroll","background-type":"","background-media":"","overlay-type":"","overlay-color":"","overlay-opacity":"","overlay-gradient":""},"mobile":{"background-color":"var(--ast-global-color-5)","background-image":"","background-repeat":"repeat","background-position":"center center","background-size":"auto","background-attachment":"scroll","background-type":"","background-media":"","overlay-type":"","overlay-color":"","overlay-opacity":"","overlay-gradient":""}}},"pwb-brand":[],"product_brand":[],"product_cat":[25],"product_tag":[],"class_list":{"0":"post-5388","1":"product","2":"type-product","3":"status-publish","4":"has-post-thumbnail","6":"product_cat-25","7":"desktop-align-left","8":"tablet-align-left","9":"mobile-align-left","11":"first","12":"instock","13":"shipping-taxable","14":"purchasable","15":"product-type-simple"},"yoast_head":"<!-- This site is optimized with the Yoast SEO plugin v23.6 - https:\/\/yoast.com\/wordpress\/plugins\/seo\/ -->\n<title>Aspirateur Bissell EasyVac 1250W | CLASSY HOUSE<\/title>\n<meta name=\"robots\" content=\"index, follow, max-snippet:-1, max-image-preview:large, max-video-preview:-1\" \/>\n<link rel=\"canonical\" href=\"https:\/\/classyhousedz.com\/fr_fr\/produit\/aspirateur-bissell-easyvac\/\" \/>\n<meta property=\"og:locale\" content=\"fr_FR\" \/>\n<meta property=\"og:type\" content=\"article\" \/>\n<meta property=\"og:title\" content=\"Aspirateur Bissell EasyVac 1250W | CLASSY HOUSE\" \/>\n<meta property=\"og:description\" content=\"Bissell EasyVac est compl\u00e8tement sans sac et est \u00e9quip\u00e9 d\u2019un godet \u00e0 poussi\u00e8re facile \u00e0 vider Taille compacte pour une utilisation polyvalente L\u2019action cyclonique fournit une aspiration puissante pour un nettoyage en profondeur Passez facilement du nettoyage des tapis aux sols durs en appuyant simplement sur un interrupteur Tous les filtres sont lavables et r\u00e9utilisables.\" \/>\n<meta property=\"og:url\" content=\"https:\/\/classyhousedz.com\/fr_fr\/produit\/aspirateur-bissell-easyvac\/\" \/>\n<meta property=\"og:site_name\" content=\"CLASSY HOUSE\" \/>\n<meta property=\"article:modified_time\" content=\"2025-10-15T09:33:18+00:00\" \/>\n<meta property=\"og:image\" content=\"https:\/\/classyhousedz.com\/wp-content\/uploads\/2025\/10\/1000028657.jpg\" \/>\n\t<meta property=\"og:image:width\" content=\"800\" \/>\n\t<meta property=\"og:image:height\" content=\"960\" \/>\n\t<meta property=\"og:image:type\" content=\"image\/jpeg\" \/>\n<meta name=\"twitter:card\" content=\"summary_large_image\" \/>\n<script type=\"application\/ld+json\" class=\"yoast-schema-graph\">{\"@context\":\"https:\/\/schema.org\",\"@graph\":[{\"@type\":\"WebPage\",\"@id\":\"https:\/\/classyhousedz.com\/product\/aspirateur-bissell-easyvac\/\",\"url\":\"https:\/\/classyhousedz.com\/product\/aspirateur-bissell-easyvac\/\",\"name\":\"Aspirateur Bissell EasyVac 1250W | CLASSY HOUSE\",\"isPartOf\":{\"@id\":\"https:\/\/classyhousedz.com\/#website\"},\"primaryImageOfPage\":{\"@id\":\"https:\/\/classyhousedz.com\/product\/aspirateur-bissell-easyvac\/#primaryimage\"},\"image\":{\"@id\":\"https:\/\/classyhousedz.com\/product\/aspirateur-bissell-easyvac\/#primaryimage\"},\"thumbnailUrl\":\"https:\/\/classyhousedz.com\/wp-content\/uploads\/2025\/10\/1000028657.jpg\",\"datePublished\":\"2025-10-15T09:32:51+00:00\",\"dateModified\":\"2025-10-15T09:33:18+00:00\",\"breadcrumb\":{\"@id\":\"https:\/\/classyhousedz.com\/product\/aspirateur-bissell-easyvac\/#breadcrumb\"},\"inLanguage\":\"fr-FR\",\"potentialAction\":[{\"@type\":\"ReadAction\",\"target\":[\"https:\/\/classyhousedz.com\/product\/aspirateur-bissell-easyvac\/\"]}]},{\"@type\":\"ImageObject\",\"inLanguage\":\"fr-FR\",\"@id\":\"https:\/\/classyhousedz.com\/product\/aspirateur-bissell-easyvac\/#primaryimage\",\"url\":\"https:\/\/classyhousedz.com\/wp-content\/uploads\/2025\/10\/1000028657.jpg\",\"contentUrl\":\"https:\/\/classyhousedz.com\/wp-content\/uploads\/2025\/10\/1000028657.jpg\",\"width\":800,\"height\":960},{\"@type\":\"BreadcrumbList\",\"@id\":\"https:\/\/classyhousedz.com\/product\/aspirateur-bissell-easyvac\/#breadcrumb\",\"itemListElement\":[{\"@type\":\"ListItem\",\"position\":1,\"name\":\"Accueil\",\"item\":\"https:\/\/classyhousedz.com\/\"},{\"@type\":\"ListItem\",\"position\":2,\"name\":\"Shop\",\"item\":\"https:\/\/classyhousedz.com\/shop\/\"},{\"@type\":\"ListItem\",\"position\":3,\"name\":\"Aspirateur Bissell EasyVac 1250W\"}]},{\"@type\":\"WebSite\",\"@id\":\"https:\/\/classyhousedz.com\/#website\",\"url\":\"https:\/\/classyhousedz.com\/\",\"name\":\"classy house\",\"description\":\"\u0623\u062c\u0648\u062f \u0623\u0646\u0648\u0627\u0639 \u0627\u0644\u0644\u0623\u0648\u0627\u0646\u064a \u0627\u0644\u0645\u0646\u0632\u0644\u064a\u0629\",\"publisher\":{\"@id\":\"https:\/\/classyhousedz.com\/#organization\"},\"alternateName\":\"classy house\",\"potentialAction\":[{\"@type\":\"SearchAction\",\"target\":{\"@type\":\"EntryPoint\",\"urlTemplate\":\"https:\/\/classyhousedz.com\/?s={search_term_string}\"},\"query-input\":{\"@type\":\"PropertyValueSpecification\",\"valueRequired\":true,\"valueName\":\"search_term_string\"}}],\"inLanguage\":\"fr-FR\"},{\"@type\":\"Organization\",\"@id\":\"https:\/\/classyhousedz.com\/#organization\",\"name\":\"classy house\",\"alternateName\":\"classy house\",\"url\":\"https:\/\/classyhousedz.com\/\",\"logo\":{\"@type\":\"ImageObject\",\"inLanguage\":\"fr-FR\",\"@id\":\"https:\/\/classyhousedz.com\/#\/schema\/logo\/image\/\",\"url\":\"https:\/\/classyhousedz.com\/wp-content\/uploads\/2024\/10\/cropped-font-avec-logo.png\",\"contentUrl\":\"https:\/\/classyhousedz.com\/wp-content\/uploads\/2024\/10\/cropped-font-avec-logo.png\",\"width\":629,\"height\":209,\"caption\":\"classy house\"},\"image\":{\"@id\":\"https:\/\/classyhousedz.com\/#\/schema\/logo\/image\/\"}}]}<\/script>\n<!-- \/ Yoast SEO plugin. -->","yoast_head_json":{"title":"Aspirateur Bissell EasyVac 1250W | CLASSY HOUSE","robots":{"index":"index","follow":"follow","max-snippet":"max-snippet:-1","max-image-preview":"max-image-preview:large","max-video-preview":"max-video-preview:-1"},"canonical":"https:\/\/classyhousedz.com\/fr_fr\/produit\/aspirateur-bissell-easyvac\/","og_locale":"fr_FR","og_type":"article","og_title":"Aspirateur Bissell EasyVac 1250W | CLASSY HOUSE","og_description":"Bissell EasyVac est compl\u00e8tement sans sac et est \u00e9quip\u00e9 d\u2019un godet \u00e0 poussi\u00e8re facile \u00e0 vider Taille compacte pour une utilisation polyvalente L\u2019action cyclonique fournit une aspiration puissante pour un nettoyage en profondeur Passez facilement du nettoyage des tapis aux sols durs en appuyant simplement sur un interrupteur Tous les filtres sont lavables et r\u00e9utilisables.","og_url":"https:\/\/classyhousedz.com\/fr_fr\/produit\/aspirateur-bissell-easyvac\/","og_site_name":"CLASSY HOUSE","article_modified_time":"2025-10-15T09:33:18+00:00","og_image":[{"width":800,"height":960,"url":"https:\/\/classyhousedz.com\/wp-content\/uploads\/2025\/10\/1000028657.jpg","type":"image\/jpeg"}],"twitter_card":"summary_large_image","schema":{"@context":"https:\/\/schema.org","@graph":[{"@type":"WebPage","@id":"https:\/\/classyhousedz.com\/product\/aspirateur-bissell-easyvac\/","url":"https:\/\/classyhousedz.com\/product\/aspirateur-bissell-easyvac\/","name":"Aspirateur Bissell EasyVac 1250W | CLASSY HOUSE","isPartOf":{"@id":"https:\/\/classyhousedz.com\/#website"},"primaryImageOfPage":{"@id":"https:\/\/classyhousedz.com\/product\/aspirateur-bissell-easyvac\/#primaryimage"},"image":{"@id":"https:\/\/classyhousedz.com\/product\/aspirateur-bissell-easyvac\/#primaryimage"},"thumbnailUrl":"https:\/\/classyhousedz.com\/wp-content\/uploads\/2025\/10\/1000028657.jpg","datePublished":"2025-10-15T09:32:51+00:00","dateModified":"2025-10-15T09:33:18+00:00","breadcrumb":{"@id":"https:\/\/classyhousedz.com\/product\/aspirateur-bissell-easyvac\/#breadcrumb"},"inLanguage":"fr-FR","potentialAction":[{"@type":"ReadAction","target":["https:\/\/classyhousedz.com\/product\/aspirateur-bissell-easyvac\/"]}]},{"@type":"ImageObject","inLanguage":"fr-FR","@id":"https:\/\/classyhousedz.com\/product\/aspirateur-bissell-easyvac\/#primaryimage","url":"https:\/\/classyhousedz.com\/wp-content\/uploads\/2025\/10\/1000028657.jpg","contentUrl":"https:\/\/classyhousedz.com\/wp-content\/uploads\/2025\/10\/1000028657.jpg","width":800,"height":960},{"@type":"BreadcrumbList","@id":"https:\/\/classyhousedz.com\/product\/aspirateur-bissell-easyvac\/#breadcrumb","itemListElement":[{"@type":"ListItem","position":1,"name":"Accueil","item":"https:\/\/classyhousedz.com\/"},{"@type":"ListItem","position":2,"name":"Shop","item":"https:\/\/classyhousedz.com\/shop\/"},{"@type":"ListItem","position":3,"name":"Aspirateur Bissell EasyVac 1250W"}]},{"@type":"WebSite","@id":"https:\/\/classyhousedz.com\/#website","url":"https:\/\/classyhousedz.com\/","name":"classy house","description":"\u0623\u062c\u0648\u062f \u0623\u0646\u0648\u0627\u0639 \u0627\u0644\u0644\u0623\u0648\u0627\u0646\u064a \u0627\u0644\u0645\u0646\u0632\u0644\u064a\u0629","publisher":{"@id":"https:\/\/classyhousedz.com\/#organization"},"alternateName":"classy house","potentialAction":[{"@type":"SearchAction","target":{"@type":"EntryPoint","urlTemplate":"https:\/\/classyhousedz.com\/?s={search_term_string}"},"query-input":{"@type":"PropertyValueSpecification","valueRequired":true,"valueName":"search_term_string"}}],"inLanguage":"fr-FR"},{"@type":"Organization","@id":"https:\/\/classyhousedz.com\/#organization","name":"classy house","alternateName":"classy house","url":"https:\/\/classyhousedz.com\/","logo":{"@type":"ImageObject","inLanguage":"fr-FR","@id":"https:\/\/classyhousedz.com\/#\/schema\/logo\/image\/","url":"https:\/\/classyhousedz.com\/wp-content\/uploads\/2024\/10\/cropped-font-avec-logo.png","contentUrl":"https:\/\/classyhousedz.com\/wp-content\/uploads\/2024\/10\/cropped-font-avec-logo.png","width":629,"height":209,"caption":"classy house"},"image":{"@id":"https:\/\/classyhousedz.com\/#\/schema\/logo\/image\/"}}]}},"uagb_featured_image_src":{"full":["https:\/\/classyhousedz.com\/wp-content\/uploads\/2025\/10\/1000028657.jpg",800,960,false],"thumbnail":["https:\/\/classyhousedz.com\/wp-content\/uploads\/2025\/10\/1000028657-150x150.jpg",150,150,true],"medium":["https:\/\/classyhousedz.com\/wp-content\/uploads\/2025\/10\/1000028657-250x300.jpg",250,300,true],"medium_large":["https:\/\/classyhousedz.com\/wp-content\/uploads\/2025\/10\/1000028657-768x922.jpg",768,922,true],"large":["https:\/\/classyhousedz.com\/wp-content\/uploads\/2025\/10\/1000028657.jpg",800,960,false],"1536x1536":["https:\/\/classyhousedz.com\/wp-content\/uploads\/2025\/10\/1000028657.jpg",800,960,false],"2048x2048":["https:\/\/classyhousedz.com\/wp-content\/uploads\/2025\/10\/1000028657.jpg",800,960,false],"trp-custom-language-flag":["https:\/\/classyhousedz.com\/wp-content\/uploads\/2025\/10\/1000028657-10x12.jpg",10,12,true],"woocommerce_thumbnail":["https:\/\/classyhousedz.com\/wp-content\/uploads\/2025\/10\/1000028657-300x300.jpg",300,300,true],"woocommerce_single":["https:\/\/classyhousedz.com\/wp-content\/uploads\/2025\/10\/1000028657-600x720.jpg",600,720,true],"woocommerce_gallery_thumbnail":["https:\/\/classyhousedz.com\/wp-content\/uploads\/2025\/10\/1000028657-100x100.jpg",100,100,true]},"uagb_author_info":{"display_name":"dj dj dj","author_link":"https:\/\/classyhousedz.com\/fr_fr\/author\/"},"uagb_comment_info":0,"uagb_excerpt":"Bissell EasyVac est compl\u00e8tement sans sac et est \u00e9quip\u00e9 d\u2019un godet \u00e0 poussi\u00e8re facile \u00e0 vider Taille compacte pour une utilisation polyvalente L\u2019action cyclonique fournit une aspiration puissante pour un nettoyage en profondeur Passez facilement du nettoyage des tapis aux sols durs en appuyant simplement sur un interrupteur Tous les filtres sont lavables et r\u00e9utilisables.","brands":[],"_links":{"self":[{"href":"https:\/\/classyhousedz.com\/fr_fr\/wp-json\/wp\/v2\/product\/5388"}],"collection":[{"href":"https:\/\/classyhousedz.com\/fr_fr\/wp-json\/wp\/v2\/product"}],"about":[{"href":"https:\/\/classyhousedz.com\/fr_fr\/wp-json\/wp\/v2\/types\/product"}],"wp:featuredmedia":[{"embeddable":true,"href":"https:\/\/classyhousedz.com\/fr_fr\/wp-json\/wp\/v2\/media\/5384"}],"wp:attachment":[{"href":"https:\/\/classyhousedz.com\/fr_fr\/wp-json\/wp\/v2\/media?parent=5388"}],"wp:term":[{"taxonomy":"pwb-brand","embeddable":true,"href":"https:\/\/classyhousedz.com\/fr_fr\/wp-json\/wp\/v2\/pwb-brand?post=5388"},{"taxonomy":"product_brand","embeddable":true,"href":"https:\/\/classyhousedz.com\/fr_fr\/wp-json\/wp\/v2\/product_brand?post=5388"},{"taxonomy":"product_cat","embeddable":true,"href":"https:\/\/classyhousedz.com\/fr_fr\/wp-json\/wp\/v2\/product_cat?post=5388"},{"taxonomy":"product_tag","embeddable":true,"href":"https:\/\/classyhousedz.com\/fr_fr\/wp-json\/wp\/v2\/product_tag?post=5388"}],"curies":[{"name":"wp","href":"https:\/\/api.w.org\/{rel}","templated":true}]}}